{"id":71,"date":"2012-05-17T14:03:59","date_gmt":"2012-05-17T12:03:59","guid":{"rendered":"http:\/\/www.fisheco.se\/blogg\/redaktion\/?page_id=71"},"modified":"2012-05-17T14:03:59","modified_gmt":"2012-05-17T12:03:59","slug":"jan-o","status":"publish","type":"page","link":"https:\/\/blogg.fisheco.se\/redaktion\/om-redaktionen\/jan-o\/","title":{"rendered":"Jan O"},"content":{"rendered":"<p><a href=\"http:\/\/www.fisheco.se\/blogg\/redaktion\/exempelsida\/jan-o\/oring_attiofemcm_big\/\" rel=\"attachment wp-att-74 noopener\" target=\"_blank\"><img loading=\"lazy\" decoding=\"async\" class=\"alignnone size-medium wp-image-74\" src=\"http:\/\/www.fisheco.se\/blogg\/redaktion\/files\/2012\/05\/oring_attiofemcm_big-584x410.jpg\" alt=\"\" width=\"584\" height=\"410\" \/><\/a><\/p>\n<p><strong>Jan Ohlsson, sportfiskare s\u00e5klart.<\/strong> Med ett stort intresse f\u00f6r klimat- och milj\u00f6fr\u00e5gor. Energi- och milj\u00f6konsult till vardags. Aktiv som sportfiskeskribent i m\u00e5nga \u00e5r, publicerad i FJ, FiskeFeber, Flugfiske i Norden samt brittiska Anglers Net. Priviligierad p\u00e5 s\u00e5 s\u00e4tt att jag f\u00e5r arbeta med mina intressen.<\/p>\n<p><strong>Sportfisket har alltid funnits<\/strong>\u00a0med sedan barnsben, jag tog mina f\u00f6rsta m\u00f6rtar i Lejondalssj\u00f6n i Bro. Skr\u00e4mde slag p\u00e5 mina f\u00f6r\u00e4ldrar n\u00e4r jag i smyg, med svett o t\u00e5rar, sl\u00e4pade runt en skruttig gummib\u00e5t och fiskade n\u00e4tterna igenom utan att h\u00f6ra av mig, flytv\u00e4st var inte p\u00e5 modet \u00e5 det fanns inga mobiler d\u00e5 :). Idag \u00e4r jag fortfarande lika sugen p\u00e5 att fiska som n\u00e4r jag var liten, \u00e5 det b\u00f6rjar bli l\u00e4nge sedan. Lax, g\u00f6s, sutare mm, allt \u00e4r lika skoj&#8230;<\/p>\n<p><strong>Det \u00e4r h\u00e4rligt att f\u00e5<\/strong>\u00a0vara med i dessa tider n\u00e4r fisket utvecklas s\u00e5 starkt. Jag t\u00e4nker p\u00e5 allt fr\u00e5n nya material i v\u00e5ra fiskeredskap till nya metoder som jerk och vertikaljigg. Hela v\u00e4rlden \u00e4r idag \u00f6ppen f\u00f6r sportfiske, med vilja och \u00e5terigen vilja finns fantastiska m\u00f6jligheter f\u00f6r vanligt folk som inte fanns kanske f\u00f6r bara 10-15 \u00e5r sedan&#8230;<\/p>\n<p>Jag \u00e4r ocks\u00e5 en av dem som vill ta ansvar, d\u00e4rf\u00f6r finns jag p\u00e5 +FishEco.<\/p>\n","protected":false},"excerpt":{"rendered":"<p>Jan Ohlsson, sportfiskare s\u00e5klart. Med ett stort intresse f\u00f6r klimat- och milj\u00f6fr\u00e5gor. Energi- och milj\u00f6konsult till vardags. Aktiv som sportfiskeskribent i m\u00e5nga \u00e5r, publicerad i FJ, FiskeFeber, Flugfiske i Norden samt brittiska Anglers Net. Priviligierad p\u00e5 s\u00e5 s\u00e4tt att jag &hellip; <a href=\"https:\/\/blogg.fisheco.se\/redaktion\/om-redaktionen\/jan-o\/\">Forts\u00e4tt l\u00e4sa <span class=\"meta-nav\">&rarr;<\/span><\/a><\/p>\n","protected":false},"author":2,"featured_media":0,"parent":3041,"menu_order":1,"comment_status":"open","ping_status":"closed","template":"","meta":{"footnotes":""},"class_list":["post-71","page","type-page","status-publish","hentry"],"_links":{"self":[{"href":"https:\/\/blogg.fisheco.se\/redaktion\/wp-json\/wp\/v2\/pages\/71","targetHints":{"allow":["GET"]}}],"collection":[{"href":"https:\/\/blogg.fisheco.se\/redaktion\/wp-json\/wp\/v2\/pages"}],"about":[{"href":"https:\/\/blogg.fisheco.se\/redaktion\/wp-json\/wp\/v2\/types\/page"}],"author":[{"embeddable":true,"href":"https:\/\/blogg.fisheco.se\/redaktion\/wp-json\/wp\/v2\/users\/2"}],"replies":[{"embeddable":true,"href":"https:\/\/blogg.fisheco.se\/redaktion\/wp-json\/wp\/v2\/comments?post=71"}],"version-history":[{"count":0,"href":"https:\/\/blogg.fisheco.se\/redaktion\/wp-json\/wp\/v2\/pages\/71\/revisions"}],"up":[{"embeddable":true,"href":"https:\/\/blogg.fisheco.se\/redaktion\/wp-json\/wp\/v2\/pages\/3041"}],"wp:attachment":[{"href":"https:\/\/blogg.fisheco.se\/redaktion\/wp-json\/wp\/v2\/media?parent=71"}],"curies":[{"name":"wp","href":"https:\/\/api.w.org\/{rel}","templated":true}]}}