{"id":42,"date":"2012-05-11T14:58:46","date_gmt":"2012-05-11T12:58:46","guid":{"rendered":"http:\/\/www.fisheco.se\/blogg\/redaktion\/?page_id=42"},"modified":"2012-05-11T14:58:46","modified_gmt":"2012-05-11T12:58:46","slug":"fredrik-johansson","status":"publish","type":"page","link":"https:\/\/blogg.fisheco.se\/redaktion\/om-redaktionen\/fredrik-johansson\/","title":{"rendered":"Fredrik Johansson"},"content":{"rendered":"<p><a href=\"http:\/\/www.fisheco.se\/blogg\/redaktion\/files\/2012\/05\/fred_gadda.jpg\" target=\"_blank\" rel=\"noopener\"><img loading=\"lazy\" decoding=\"async\" class=\"alignnone size-medium wp-image-54\" src=\"http:\/\/www.fisheco.se\/blogg\/redaktion\/files\/2012\/05\/fred_gadda-584x389.jpg\" alt=\"\" width=\"584\" height=\"389\" \/><\/a><\/p>\n<p>Fredrik \u00e4r en av dem som g\u00e4rna \u00e4r med och tar ansvar&#8230; +FishEco v\u00e4xer varje dag och det beh\u00f6vs fler kompetenta krafter. Fredrik \u00e4r en s\u00e5dan, med ett brinnande fiskeintresse. Mycket v\u00e4lkommen Fredrik, s\u00e5 h\u00e4r presenterar han sig sj\u00e4lv&#8230;<\/p>\n<p><em>\u00c4r 32 \u00e5r gammal, bosatt i Stockholm och jobbar som webbutvecklare till vardags. Sportfiske \u00e4r p\u00e5 s\u00e5 s\u00e4tt ett fritidsintresse, ett v\u00e4ldigt stort s\u00e5dant.<\/em><\/p>\n<p><em>Jag spenderade sommarloven som liten ute i Stockholms sk\u00e4rg\u00e5rd och det\u00a0<\/em><em>var d\u00e4r som intresset f\u00f6r fisket v\u00e4cktes. Fiskeprylarna hamnade p\u00e5\u00a0hyllan ett g\u00e4ng \u00e5r och plockades sedan fram igen f\u00f6r n\u00e5gra \u00e5r sedan\u00a0och sedan dess finns det ingen \u00e5terv\u00e4ndo.<\/em><\/p>\n<p><em>Jag fiskar fr\u00e4mst i stockholms sk\u00e4rg\u00e5rd och d\u00e5 efter g\u00e4dda, g\u00f6s och\u00a0abborre. Jag tycker det \u00e4r kul att l\u00e4ra sig nya saker, oavsett om det\u00a0\u00e4r fiskemetoder, specialknep eller fiskpsykologi. Testar d\u00e4rf\u00f6r p\u00e5 en\u00a0hel del och k\u00f6per alldeles f\u00f6r mycket prylar.<\/em><\/p>\n","protected":false},"excerpt":{"rendered":"<p>Fredrik \u00e4r en av dem som g\u00e4rna \u00e4r med och tar ansvar&#8230; +FishEco v\u00e4xer varje dag och det beh\u00f6vs fler kompetenta krafter. Fredrik \u00e4r en s\u00e5dan, med ett brinnande fiskeintresse. Mycket v\u00e4lkommen Fredrik, s\u00e5 h\u00e4r presenterar han sig sj\u00e4lv&#8230; \u00c4r &hellip; <a href=\"https:\/\/blogg.fisheco.se\/redaktion\/om-redaktionen\/fredrik-johansson\/\">Forts\u00e4tt l\u00e4sa <span class=\"meta-nav\">&rarr;<\/span><\/a><\/p>\n","protected":false},"author":2,"featured_media":0,"parent":3041,"menu_order":0,"comment_status":"closed","ping_status":"closed","template":"","meta":{"footnotes":""},"class_list":["post-42","page","type-page","status-publish","hentry"],"_links":{"self":[{"href":"https:\/\/blogg.fisheco.se\/redaktion\/wp-json\/wp\/v2\/pages\/42","targetHints":{"allow":["GET"]}}],"collection":[{"href":"https:\/\/blogg.fisheco.se\/redaktion\/wp-json\/wp\/v2\/pages"}],"about":[{"href":"https:\/\/blogg.fisheco.se\/redaktion\/wp-json\/wp\/v2\/types\/page"}],"author":[{"embeddable":true,"href":"https:\/\/blogg.fisheco.se\/redaktion\/wp-json\/wp\/v2\/users\/2"}],"replies":[{"embeddable":true,"href":"https:\/\/blogg.fisheco.se\/redaktion\/wp-json\/wp\/v2\/comments?post=42"}],"version-history":[{"count":0,"href":"https:\/\/blogg.fisheco.se\/redaktion\/wp-json\/wp\/v2\/pages\/42\/revisions"}],"up":[{"embeddable":true,"href":"https:\/\/blogg.fisheco.se\/redaktion\/wp-json\/wp\/v2\/pages\/3041"}],"wp:attachment":[{"href":"https:\/\/blogg.fisheco.se\/redaktion\/wp-json\/wp\/v2\/media?parent=42"}],"curies":[{"name":"wp","href":"https:\/\/api.w.org\/{rel}","templated":true}]}}