{"id":135,"date":"2012-05-17T17:52:21","date_gmt":"2012-05-17T15:52:21","guid":{"rendered":"http:\/\/www.fisheco.se\/blogg\/redaktion\/?page_id=135"},"modified":"2012-05-17T17:52:21","modified_gmt":"2012-05-17T15:52:21","slug":"daniel-ewald","status":"publish","type":"page","link":"https:\/\/blogg.fisheco.se\/redaktion\/om-redaktionen\/daniel-ewald\/","title":{"rendered":"Daniel Ewald"},"content":{"rendered":"<p><a href=\"http:\/\/www.fisheco.se\/blogg\/redaktion\/exempelsida\/daniel-ewald\/daneil\/\" rel=\"attachment wp-att-147 noopener\" target=\"_blank\"><img loading=\"lazy\" decoding=\"async\" class=\"alignnone size-medium wp-image-147\" style=\"background-color: #eeeeee\" src=\"http:\/\/www.fisheco.se\/blogg\/redaktion\/files\/2012\/05\/daneil-584x576.jpg\" alt=\"\" width=\"584\" height=\"576\" \/><br \/>\n<\/a>Daniel Ewald, grabben som troligtvis var lapp i sitt f\u00f6rra liv. Av intresset att vistas med flugsp\u00f6 och kamera i harmoni med naturen d\u00e4r fisket inte v\u00e4rderas efter kilo utan efter upplevelser.<\/p>\n<p>Under s\u00e4song vistas\u00a0Daniel mer i fj\u00e4llen som guide \u00e4n bland spettekakorna hemma i Trelleborg. Trots sin unga \u00e5lder har han vistats mycket i fj\u00e4llen s\u00e5v\u00e4l sommar som vinter och jag har g\u00e4rna kameran vid sin sida f\u00f6r att f\u00f6reviga upplevelser av olika slag. Flugfisket tog en tidig start n\u00e4r han b\u00f6rjade svinga sin faders flugsp\u00f6 i sk\u00e5nska put &amp; take vatten och d\u00e4refter har intresset bara g\u00e5tt i en riktning.<\/p>\n<p>Daniel \u00e4r en av oss som vill ta ansvar<\/p>\n","protected":false},"excerpt":{"rendered":"<p>Daniel Ewald, grabben som troligtvis var lapp i sitt f\u00f6rra liv. Av intresset att vistas med flugsp\u00f6 och kamera i harmoni med naturen d\u00e4r fisket inte v\u00e4rderas efter kilo utan efter upplevelser. Under s\u00e4song vistas\u00a0Daniel mer i fj\u00e4llen som guide &hellip; <a href=\"https:\/\/blogg.fisheco.se\/redaktion\/om-redaktionen\/daniel-ewald\/\">Forts\u00e4tt l\u00e4sa <span class=\"meta-nav\">&rarr;<\/span><\/a><\/p>\n","protected":false},"author":2,"featured_media":0,"parent":3041,"menu_order":0,"comment_status":"open","ping_status":"closed","template":"","meta":{"footnotes":""},"class_list":["post-135","page","type-page","status-publish","hentry"],"_links":{"self":[{"href":"https:\/\/blogg.fisheco.se\/redaktion\/wp-json\/wp\/v2\/pages\/135","targetHints":{"allow":["GET"]}}],"collection":[{"href":"https:\/\/blogg.fisheco.se\/redaktion\/wp-json\/wp\/v2\/pages"}],"about":[{"href":"https:\/\/blogg.fisheco.se\/redaktion\/wp-json\/wp\/v2\/types\/page"}],"author":[{"embeddable":true,"href":"https:\/\/blogg.fisheco.se\/redaktion\/wp-json\/wp\/v2\/users\/2"}],"replies":[{"embeddable":true,"href":"https:\/\/blogg.fisheco.se\/redaktion\/wp-json\/wp\/v2\/comments?post=135"}],"version-history":[{"count":0,"href":"https:\/\/blogg.fisheco.se\/redaktion\/wp-json\/wp\/v2\/pages\/135\/revisions"}],"up":[{"embeddable":true,"href":"https:\/\/blogg.fisheco.se\/redaktion\/wp-json\/wp\/v2\/pages\/3041"}],"wp:attachment":[{"href":"https:\/\/blogg.fisheco.se\/redaktion\/wp-json\/wp\/v2\/media?parent=135"}],"curies":[{"name":"wp","href":"https:\/\/api.w.org\/{rel}","templated":true}]}}