{"id":123,"date":"2012-05-17T17:37:50","date_gmt":"2012-05-17T15:37:50","guid":{"rendered":"http:\/\/www.fisheco.se\/blogg\/redaktion\/?page_id=123"},"modified":"2012-05-17T17:37:50","modified_gmt":"2012-05-17T15:37:50","slug":"ulrik-clemens-von-dobeln","status":"publish","type":"page","link":"https:\/\/blogg.fisheco.se\/redaktion\/om-redaktionen\/ulrik-clemens-von-dobeln\/","title":{"rendered":"Ulrik Clemens von D\u00f6beln"},"content":{"rendered":"<p><img loading=\"lazy\" decoding=\"async\" class=\"alignnone size-full wp-image-124\" src=\"http:\/\/www.fisheco.se\/blogg\/redaktion\/files\/2012\/05\/gos_ulrik-1.jpg\" alt=\"\" width=\"468\" height=\"313\" srcset=\"https:\/\/blogg.fisheco.se\/redaktion\/wp-content\/uploads\/sites\/2\/2012\/05\/gos_ulrik-1.jpg 468w, https:\/\/blogg.fisheco.se\/redaktion\/wp-content\/uploads\/sites\/2\/2012\/05\/gos_ulrik-1-300x201.jpg 300w\" sizes=\"auto, (max-width: 468px) 100vw, 468px\" \/><\/p>\n<p>Ulrik Clemens von D\u00f6beln, v\u00e5r spansktalande globetrotter. Skicklig allroundfiskare med f\u00f6rk\u00e4rlek f\u00f6r flugfisket i norr och spanska atlantbj\u00e4ssar men heller inte fr\u00e4mmande f\u00f6r en tur till Norge eller fiske efter storg\u00e4dda i tex Sm\u00e5land.<\/p>\n<p>Flugfisket f\u00f6ll Ulrik f\u00f6r under de \u00e5r han arbetade i \u00c5re. Stor \u00f6ring och grov harr stod p\u00e5 agendan varje ledig sekund. Ulrik har en karri\u00e4r vid sidan om +FishEco d\u00e4r han driver konferensanl\u00e4ggningen S\u00e5staholm i T\u00e4by. Inte l\u00e5ngt fr\u00e5n legendariska Vallentunasj\u00f6n d\u00e4r han sj\u00e4lvklart lyckats f\u00e5nga storg\u00f6sen flera g\u00e5nger. En marknadskille med koll p\u00e5 fiske och annat\u2026<\/p>\n<p>Ulrik \u00e4r en milj\u00f6- och klimatv\u00e4n sedan l\u00e4nge och en av oss som vill \u201dta ansvar\u201d.<\/p>\n","protected":false},"excerpt":{"rendered":"<p>Ulrik Clemens von D\u00f6beln, v\u00e5r spansktalande globetrotter. Skicklig allroundfiskare med f\u00f6rk\u00e4rlek f\u00f6r flugfisket i norr och spanska atlantbj\u00e4ssar men heller inte fr\u00e4mmande f\u00f6r en tur till Norge eller fiske efter storg\u00e4dda i tex Sm\u00e5land. Flugfisket f\u00f6ll Ulrik f\u00f6r under de &hellip; <a href=\"https:\/\/blogg.fisheco.se\/redaktion\/om-redaktionen\/ulrik-clemens-von-dobeln\/\">Forts\u00e4tt l\u00e4sa <span class=\"meta-nav\">&rarr;<\/span><\/a><\/p>\n","protected":false},"author":2,"featured_media":0,"parent":3041,"menu_order":0,"comment_status":"open","ping_status":"closed","template":"","meta":{"footnotes":""},"class_list":["post-123","page","type-page","status-publish","hentry"],"_links":{"self":[{"href":"https:\/\/blogg.fisheco.se\/redaktion\/wp-json\/wp\/v2\/pages\/123","targetHints":{"allow":["GET"]}}],"collection":[{"href":"https:\/\/blogg.fisheco.se\/redaktion\/wp-json\/wp\/v2\/pages"}],"about":[{"href":"https:\/\/blogg.fisheco.se\/redaktion\/wp-json\/wp\/v2\/types\/page"}],"author":[{"embeddable":true,"href":"https:\/\/blogg.fisheco.se\/redaktion\/wp-json\/wp\/v2\/users\/2"}],"replies":[{"embeddable":true,"href":"https:\/\/blogg.fisheco.se\/redaktion\/wp-json\/wp\/v2\/comments?post=123"}],"version-history":[{"count":0,"href":"https:\/\/blogg.fisheco.se\/redaktion\/wp-json\/wp\/v2\/pages\/123\/revisions"}],"up":[{"embeddable":true,"href":"https:\/\/blogg.fisheco.se\/redaktion\/wp-json\/wp\/v2\/pages\/3041"}],"wp:attachment":[{"href":"https:\/\/blogg.fisheco.se\/redaktion\/wp-json\/wp\/v2\/media?parent=123"}],"curies":[{"name":"wp","href":"https:\/\/api.w.org\/{rel}","templated":true}]}}