{"id":22,"date":"2019-02-20T20:34:18","date_gmt":"2019-02-20T19:34:18","guid":{"rendered":"http:\/\/www.fisheco.se\/blogg\/jenzzalures\/?page_id=22"},"modified":"2019-02-20T20:34:18","modified_gmt":"2019-02-20T19:34:18","slug":"om-jenzza-lures","status":"publish","type":"page","link":"https:\/\/blogg.fisheco.se\/jenzzalures\/om-jenzza-lures\/","title":{"rendered":"Om jenzza.lures"},"content":{"rendered":"\n<figure class=\"wp-block-image\"><img loading=\"lazy\" decoding=\"async\" width=\"320\" height=\"480\" src=\"https:\/\/blogg.fisheco.se\/jenzzalures\/wp-content\/uploads\/sites\/13\/2019\/02\/jag.jpg\" alt=\"\" class=\"wp-image-23\" srcset=\"https:\/\/blogg.fisheco.se\/jenzzalures\/wp-content\/uploads\/sites\/13\/2019\/02\/jag.jpg 320w, https:\/\/blogg.fisheco.se\/jenzzalures\/wp-content\/uploads\/sites\/13\/2019\/02\/jag-200x300.jpg 200w\" sizes=\"auto, (max-width: 320px) 100vw, 320px\" \/><\/figure>\n\n\n\n<p>Jag som driver jenzza.lures heter Jens Norblad, snart 47-\u00e5rig \u00f6stg\u00f6te boendes i Karlskrona, d\u00e4r jag arbetar fulltid som yrkesofficer i Svenska flottan.  Jag \u00e4r s\u00e4rbo med Sussi Stridh, och har sedan tidigare f\u00f6rh\u00e5llande 2 s\u00f6ner, Emil och Isak,  19 respektive 14 \u00e5r.   Min betesbyggarkarri\u00e4r startade egentligen redan n\u00e4r jag var 14 \u00e5r, i min pappas garage. D\u00e4r begick jag v\u00e5ld p\u00e5 pappas kvastskaft, som jag m\u00e5lade med modellf\u00e4rger och lackade med vanlig fernissa.  Dessa wobblers fiskade jag sedan med p\u00e5 v\u00e5rt lantst\u00e4lle som vi hade d\u00e5.   De f\u00e5ngade bra med fisk och min farbror tog en sommar en g\u00e4dda p\u00e5 137cm p\u00e5 ett av dessa beten, en g\u00e4dda som jag d\u00e5 inte f\u00f6rstod hur stor den egentligen var&#8230;..   <\/p>\n\n\n\n<p>Betesbyggandet avstannade dock ganska snart d\u00e5 annat i livet tog \u00f6ver.  Det var f\u00f6rst 2011,  n\u00e4stan 25 \u00e5r senare, som jag hittade tillbaka till denna fantastiska hobby. Detta i samband med en efterh\u00e4ngsen influensa som h\u00f6ll mig borta fr\u00e5n jobbet under 3 veckor. Sittandes i en hyresl\u00e4genhet utan n\u00e5t egentligt att g\u00f6ra b\u00f6rjade jag karva med kniv p\u00e5 en bit furu, och vips s\u00e5 v\u00e4cktes intresset till liv igen. Det ena gav det andra och 2013 startade jag min lilla enskilda firma jenzza.lures. Namnet Jenzza tog jag av mitt &#8221;spelnamn&#8221; som jag anv\u00e4nde mig av i min barndom n\u00e4r vi spelade &#8221;dataspel&#8221;.   Betesbyggandet f\u00e5r nog numera anses som Hobby++, och jag producerar s\u00e5 mycket jag m\u00e4ktar med. Best\u00e4llningarna trillar in i j\u00e4mn takt och det blir s\u00e5 pass mycket att jag i princip aldrig lyckas bygga upp ett lager utan har ist\u00e4llet en k\u00f6 med v\u00e4ntande kunder.    Jag brinner f\u00f6r betesbygge i tr\u00e4, f\u00f6retr\u00e4desvis i tr\u00e4slaget bok. Jag \u00e4lskar att tillverka ett bete som \u00e4r vackert att se p\u00e5, och som naturligtvis skall fiskas med och ger bra med fisk.  De senaste 2 \u00e5ren har jag ocks\u00e5 b\u00f6rjat med gummibeten och redan inledningsvis s\u00e5 lyckades jag vinna &#8221;b\u00e4sta gummibete&#8221; i samband med Svenska sportfiskem\u00e4ssan  med mitt bete &#8221;jenzza.snipan&#8221; vilket naturligtvis var mycket hedrande.  2018 satt jag p\u00e5 betesbyggargatan p\u00e5 sportfiskem\u00e4ssan f\u00f6r f\u00f6rsta g\u00e5ngen, en v\u00e4ldigt trevlig upplevelse som gav mersmak och nu 2019 sitter jag d\u00e4r igen.<br><\/p>\n\n\n\n<figure class=\"wp-block-image\"><img loading=\"lazy\" decoding=\"async\" width=\"1054\" height=\"874\" src=\"https:\/\/blogg.fisheco.se\/jenzzalures\/wp-content\/uploads\/sites\/13\/2019\/02\/10.1_4.png?fit=584%2C484\" alt=\"\" class=\"wp-image-24\" srcset=\"https:\/\/blogg.fisheco.se\/jenzzalures\/wp-content\/uploads\/sites\/13\/2019\/02\/10.1_4.png 1054w, https:\/\/blogg.fisheco.se\/jenzzalures\/wp-content\/uploads\/sites\/13\/2019\/02\/10.1_4-300x249.png 300w, https:\/\/blogg.fisheco.se\/jenzzalures\/wp-content\/uploads\/sites\/13\/2019\/02\/10.1_4-1024x849.png 1024w, https:\/\/blogg.fisheco.se\/jenzzalures\/wp-content\/uploads\/sites\/13\/2019\/02\/10.1_4-768x637.png 768w\" sizes=\"auto, (max-width: 1054px) 100vw, 1054px\" \/><figcaption>g\u00e4dda och f\u00e5ngstman i kanonform&#8230;..<\/figcaption><\/figure>\n\n\n\n<p><br><\/p>\n","protected":false},"excerpt":{"rendered":"<p>Jag som driver jenzza.lures heter Jens Norblad, snart 47-\u00e5rig \u00f6stg\u00f6te boendes i Karlskrona, d\u00e4r jag arbetar fulltid som yrkesofficer i Svenska flottan. Jag \u00e4r s\u00e4rbo med Sussi Stridh, och har sedan tidigare f\u00f6rh\u00e5llande 2 s\u00f6ner, Emil och Isak, 19 respektive &hellip; <a href=\"https:\/\/blogg.fisheco.se\/jenzzalures\/om-jenzza-lures\/\">Forts\u00e4tt l\u00e4sa <span class=\"meta-nav\">&rarr;<\/span><\/a><\/p>\n","protected":false},"author":23,"featured_media":0,"parent":0,"menu_order":0,"comment_status":"closed","ping_status":"closed","template":"","meta":{"footnotes":""},"class_list":["post-22","page","type-page","status-publish","hentry"],"_links":{"self":[{"href":"https:\/\/blogg.fisheco.se\/jenzzalures\/wp-json\/wp\/v2\/pages\/22","targetHints":{"allow":["GET"]}}],"collection":[{"href":"https:\/\/blogg.fisheco.se\/jenzzalures\/wp-json\/wp\/v2\/pages"}],"about":[{"href":"https:\/\/blogg.fisheco.se\/jenzzalures\/wp-json\/wp\/v2\/types\/page"}],"author":[{"embeddable":true,"href":"https:\/\/blogg.fisheco.se\/jenzzalures\/wp-json\/wp\/v2\/users\/23"}],"replies":[{"embeddable":true,"href":"https:\/\/blogg.fisheco.se\/jenzzalures\/wp-json\/wp\/v2\/comments?post=22"}],"version-history":[{"count":0,"href":"https:\/\/blogg.fisheco.se\/jenzzalures\/wp-json\/wp\/v2\/pages\/22\/revisions"}],"wp:attachment":[{"href":"https:\/\/blogg.fisheco.se\/jenzzalures\/wp-json\/wp\/v2\/media?parent=22"}],"curies":[{"name":"wp","href":"https:\/\/api.w.org\/{rel}","templated":true}]}}