{"id":254,"date":"2016-01-20T13:38:53","date_gmt":"2016-01-20T12:38:53","guid":{"rendered":"http:\/\/www.fisheco.se\/blogg\/fiskesnartan\/?page_id=2"},"modified":"2016-01-20T13:38:53","modified_gmt":"2016-01-20T12:38:53","slug":"om","status":"publish","type":"page","link":"https:\/\/blogg.fisheco.se\/fiskedonnan\/om\/","title":{"rendered":"Om mig"},"content":{"rendered":"<p><span style=\"font-weight: 400\">\u201d-N\u00e4, jag tror jag g\u00f6r som gamle prosten jag! Jag skiter i predikstolen!&#8221;\u00a0<\/span><span style=\"font-weight: 400\">En lastgammal och cynisk Norrl\u00e4ndska med filosofin att \u201cdet ska d\u00e5 j\u00e4vlas in i det sista\u201d. Avlades hit till j\u00e4mmerdalen, i slutet av juni f\u00f6ddes jag, samma \u00e5r som Al-qaeda bildades och \u00c5mselemordet sker. Fantastisk start p\u00e5 livet om du fr\u00e5gar mig!<\/span><\/p>\n<p><img loading=\"lazy\" decoding=\"async\" class=\"alignnone size-full wp-image-31\" src=\"https:\/\/blogg.fisheco.se\/fiskedonnan\/wp-content\/uploads\/sites\/9\/2016\/01\/liten-michelle.jpg\" alt=\"liten michelle\" width=\"354\" height=\"482\" srcset=\"https:\/\/blogg.fisheco.se\/fiskedonnan\/wp-content\/uploads\/sites\/9\/2016\/01\/liten-michelle.jpg 354w, https:\/\/blogg.fisheco.se\/fiskedonnan\/wp-content\/uploads\/sites\/9\/2016\/01\/liten-michelle-220x300.jpg 220w\" sizes=\"auto, (max-width: 354px) 100vw, 354px\" \/><\/p>\n<p>\u00c4nda sen den dagen har jag f\u00e5tt h\u00f6ra att det inte tillh\u00f6r den V\u00e4sterbottniska folksj\u00e4len att vara glad och gl\u00e4ttig. \u201cOm det \u00e4r j\u00e4mna pl\u00e5gor, d\u00e5 vet man trots allt vad man har.\u201d \u00a0Inte blir man s\u00e5 munter av att v\u00e4xa upp mitt uti obygden, d\u00e4r det tar en vecka att resa utanf\u00f6r kommunen. D\u00e4r v\u00e4gen slutar, b\u00f6rjar \u00e4ventyret! Jo jag tackar jag!<\/p>\n<p>N\u00e5v\u00e4l, jag beh\u00f6ver v\u00e4l knappast uttrycka min fascination och passion f\u00f6r fiske, det tycker jag sj\u00e4lvskrivet n\u00e4r man f\u00e5r m\u00f6jlighet att g\u00f6ra sin r\u00f6st h\u00f6rd h\u00e4r.\u00a0<span style=\"font-weight: 400\">Eftersom jag v\u00e4xte upp d\u00e4r jag gjorde s\u00e5 fanns det inte s\u00e5 mycket annat att v\u00e4lja p\u00e5 \u00e4n att l\u00e4ra sig fiska. Mentaliteten inom barnuppfostran var att s\u00e4ga till ungarna -\u201dUt och lek, kom inte tillbaka f\u00f6rens fladderm\u00f6ssen jagar dig eller att du har ett j\u00e4rnr\u00f6r genom magen\u201d. N\u00e4r du \u00e4r barn s\u00e5 reflekterar man inte s\u00e5 mycket \u00f6ver saker, detta kan bero p\u00e5 att ens intelligensniv\u00e5 \u00e4r lika utvecklat som en burk hallonsylt. I vart fall min s\u00e5 kallade intelligens.<\/span><\/p>\n<p>Fiske har alltid varit en central komponent i mitt liv, allt fr\u00e5n toppknutet mete, g\u00e4ddfiske med knallorange rapala-wobbler till vispande med bambuflugsp\u00f6n som fyra\u00e5ring. Eftersom jag \u00e4r Norrl\u00e4ndska s\u00e5 medf\u00f6ljer en viss tr\u00e5ngsynthet, vilket resulterar i att jag har mina fiskemetoder och og\u00e4rna kliver utanf\u00f6r ramarna. I nutid s\u00e5 har jag sn\u00f6at in p\u00e5 bottenmete, flugfiske samt spinnfiske, g\u00e4rna i jakten p\u00e5 dom stora g\u00e4ddmadamerna. D\u00e4rut\u00f6ver finner jag ishockey otroligt stimulerade och otroligt lattjo, titta p\u00e5 likv\u00e4l att ut\u00f6va.<\/p>\n<p><img loading=\"lazy\" decoding=\"async\" class=\"alignnone size-medium wp-image-80\" src=\"https:\/\/blogg.fisheco.se\/fiskedonnan\/wp-content\/uploads\/sites\/9\/2016\/09\/14383327_306163996425241_825112901_n-584x584.jpg\" alt=\"14383327_306163996425241_825112901_n\" width=\"584\" height=\"584\" \/><\/p>\n","protected":false},"excerpt":{"rendered":"<p>\u201d-N\u00e4, jag tror jag g\u00f6r som gamle prosten jag! Jag skiter i predikstolen!&#8221;\u00a0En lastgammal och cynisk Norrl\u00e4ndska med filosofin att \u201cdet ska d\u00e5 j\u00e4vlas in i det sista\u201d. Avlades hit till j\u00e4mmerdalen, i slutet av juni f\u00f6ddes jag, samma \u00e5r &hellip; <a href=\"https:\/\/blogg.fisheco.se\/fiskedonnan\/om\/\">Forts\u00e4tt l\u00e4sa <span class=\"meta-nav\">&rarr;<\/span><\/a><\/p>\n","protected":false},"author":19,"featured_media":0,"parent":0,"menu_order":0,"comment_status":"closed","ping_status":"closed","template":"","meta":{"footnotes":""},"class_list":["post-254","page","type-page","status-publish","hentry"],"_links":{"self":[{"href":"https:\/\/blogg.fisheco.se\/fiskedonnan\/wp-json\/wp\/v2\/pages\/254","targetHints":{"allow":["GET"]}}],"collection":[{"href":"https:\/\/blogg.fisheco.se\/fiskedonnan\/wp-json\/wp\/v2\/pages"}],"about":[{"href":"https:\/\/blogg.fisheco.se\/fiskedonnan\/wp-json\/wp\/v2\/types\/page"}],"author":[{"embeddable":true,"href":"https:\/\/blogg.fisheco.se\/fiskedonnan\/wp-json\/wp\/v2\/users\/19"}],"replies":[{"embeddable":true,"href":"https:\/\/blogg.fisheco.se\/fiskedonnan\/wp-json\/wp\/v2\/comments?post=254"}],"version-history":[{"count":0,"href":"https:\/\/blogg.fisheco.se\/fiskedonnan\/wp-json\/wp\/v2\/pages\/254\/revisions"}],"wp:attachment":[{"href":"https:\/\/blogg.fisheco.se\/fiskedonnan\/wp-json\/wp\/v2\/media?parent=254"}],"curies":[{"name":"wp","href":"https:\/\/api.w.org\/{rel}","templated":true}]}}